{"id":79,"date":"2026-01-19T14:31:59","date_gmt":"2026-01-19T14:31:59","guid":{"rendered":"https:\/\/wirelax.fi\/wordpress\/?page_id=79"},"modified":"2026-02-01T20:20:27","modified_gmt":"2026-02-01T18:20:27","slug":"vauvat-ja-lapset-2","status":"publish","type":"page","link":"https:\/\/wirelax.fi\/wordpress\/?page_id=79","title":{"rendered":"Vauvat ja lapset"},"content":{"rendered":"\n<figure class=\"wp-block-image size-full\"><img loading=\"lazy\" decoding=\"async\" width=\"940\" height=\"788\" src=\"https:\/\/wirelax.fi\/wordpress\/wp-content\/uploads\/2026\/02\/vauvai.png\" alt=\"\" class=\"wp-image-203\" style=\"aspect-ratio:1;object-fit:contain\" srcset=\"https:\/\/wirelax.fi\/wordpress\/wp-content\/uploads\/2026\/02\/vauvai.png 940w, https:\/\/wirelax.fi\/wordpress\/wp-content\/uploads\/2026\/02\/vauvai-300x251.png 300w, https:\/\/wirelax.fi\/wordpress\/wp-content\/uploads\/2026\/02\/vauvai-768x644.png 768w\" sizes=\"auto, (max-width: 940px) 100vw, 940px\" \/><\/figure>\n\n\n\n<p><strong>VY\u00d6HYKETERAPEUTTINEN VAUVAHIERONTA<\/strong><\/p>\n\n\n\n<p>Vy\u00f6hyketerapeuttisessa vauvahieronnassa yhdistyy lempe\u00e4 koko kehon hieronta sek\u00e4 vy\u00f6hyketerapia. Se on lempe\u00e4, tehokas ja kokonaisvaltainen hoito, jossa huomioidaan synnytyksen vaikutukset, vauvan anatomia ja fysiologinen kehitys eri vaiheineen sek\u00e4 varhaisen vuorovaikutuksen ja vauvan tunteiden merkitys ja oireiden taustalla olevat syyt. Oireiden taustasyiden selvitt\u00e4misen kautta oireita voidaan tehokkaasti hoitaa.<\/p>\n\n\n\n<p>Esimerkiksi synnytyksest\u00e4 voi vauvan kehoon voi j\u00e4\u00e4d\u00e4 erilaisia j\u00e4nnitystiloja, jotka vaikuttavat h\u00e4neen itkuisuutena, ilmavaivoina, j\u00e4ykkyyten\u00e4 tai sy\u00f6misongelmina.<\/p>\n\n\n\n<p>Vy\u00f6hyketerapeuttinen hieronta rentouttaa, helpottaa j\u00e4nnitystiloja, vilkastuttaa verenkiertoa, parantaa aineenvaihduntaa ja vastustuskyky\u00e4, v\u00e4hent\u00e4\u00e4 stressi\u00e4 ja parantaa unenlaatua.<\/p>\n\n\n\n<p><strong>Yleisi\u00e4 vauvojen ja lasten vaivoja, joita voidaan hoitaa vy\u00f6hyketerapialla:<\/strong><\/p>\n\n\n\n<p>\u2013 koliikki, itkuisuus<br>\u2013 refluksivaivat, allergiat<br>\u2013 vatsavaivat, ummetus, turvotus, hampaiden tulo<br>\u2013 unettomuus, lyhyt unirytmi<br>\u2013 kehon j\u00e4nnitykset, virheasennot ja j\u00e4ykkyydet<br>\u2013 korvatulehdukset<br>\u2013 oppimisvaikeudet<br>\u2013 ylivilkkaus, levottomuus, erityisherk\u00e4t lapset<\/p>\n\n\n\n<p><strong>Hoito<\/strong><\/p>\n\n\n\n<p>Vauva voi tulla vy\u00f6hyketerapiaan jo kahden viikon ik\u00e4isen\u00e4. Kaikki vauvat hy\u00f6tyv\u00e4t hoidosta joten hierontaan kannattaa tulla vaikka ongelmia ei olisikaan. Ensimm\u00e4isell\u00e4 hoitokerralla kartoitetaan hoidon tarve haastattelulla oireiden syyn selvitt\u00e4miseksi, sek\u00e4 tutkimalla vauvan kehon mahdolliset kireydet ja j\u00e4nnitykset. Hoito tehd\u00e4\u00e4n aina vauvan ehdoilla, joko hoitop\u00f6yd\u00e4ll\u00e4 tai syliss\u00e4, taaperoiden kanssa esim. lattialla leikin lomassa. Tarkistan hoidon yhteydess\u00e4 my\u00f6s suun alueen kireydet ja kielij\u00e4nteen.<br>Vauva on hyv\u00e4 sy\u00f6tt\u00e4\u00e4 noin tuntia ennen hoitoa. Hoidon aikana vauvan voi my\u00f6s tarvittaessa sy\u00f6tt\u00e4\u00e4. Voit ottaa mukaan vauvan\/lapsen lempilelun, rievun tai kirjan.<br>Itkuisen vauvan olo helpottaa yleens\u00e4 2-4 l\u00e4hekk\u00e4in ajoitetun hoitokerran j\u00e4lkeen.&nbsp;Jos sinua mietitytt\u00e4\u00e4 jokin asia, ota rohkeasti yhteytt\u00e4 ennen hoitoa puhelimitse tai viestill\u00e4.<br><br>Vauvan varsinainen kehonhoito kest\u00e4\u00e4 yleens\u00e4 noin 20-30 min i\u00e4st\u00e4 riippuen, hoitoaikaan sis\u00e4ltyy haastattelu, tutkiminen ja mukaan saat aina kotihoito-ohjeet. Hoidon j\u00e4lkeen vauvan voi j\u00e4\u00e4d\u00e4 sy\u00f6tt\u00e4m\u00e4\u00e4n hoitolaan. Taapero ik\u00e4isille, 1-2 vuotiaille suosittelen 45 min. vauvahieronta- aikaa. Lapset 3-10 v. 45 min. aikaa ja yli 10- vuotiaille 60-75 min. vy\u00f6hyketerapia aikaa.<br>Vy\u00f6hyketerapeuttisella hieronnalla on saatu hyvi\u00e4 tuloksia niin pienten kuin isompien lasten hoidossa, se sopii kaikenik\u00e4isille lapsille. ( Husin koliikkitutkimus 2019)<\/p>\n\n\n\n<p>Hoidon esteit\u00e4 ovat kuume, antibioottikuuri ja tulehdustilat sek\u00e4 vakavat sairaudet ja vahva l\u00e4\u00e4kitys. My\u00f6s rokotusten j\u00e4lkeen on hyv\u00e4 pit\u00e4\u00e4 4-6 p\u00e4iv\u00e4n tauko.<\/p>\n\n\n\n<figure class=\"wp-block-image size-large\"><img loading=\"lazy\" decoding=\"async\" width=\"1024\" height=\"724\" src=\"https:\/\/wirelax.fi\/wordpress\/wp-content\/uploads\/2026\/01\/Vauvan-varpaat-1024x724.png\" alt=\"\" class=\"wp-image-191\" srcset=\"https:\/\/wirelax.fi\/wordpress\/wp-content\/uploads\/2026\/01\/Vauvan-varpaat-1024x724.png 1024w, https:\/\/wirelax.fi\/wordpress\/wp-content\/uploads\/2026\/01\/Vauvan-varpaat-300x212.png 300w, https:\/\/wirelax.fi\/wordpress\/wp-content\/uploads\/2026\/01\/Vauvan-varpaat-768x543.png 768w, https:\/\/wirelax.fi\/wordpress\/wp-content\/uploads\/2026\/01\/Vauvan-varpaat-1536x1086.png 1536w, https:\/\/wirelax.fi\/wordpress\/wp-content\/uploads\/2026\/01\/Vauvan-varpaat-2048x1448.png 2048w\" sizes=\"auto, (max-width: 1024px) 100vw, 1024px\" \/><\/figure>\n","protected":false},"excerpt":{"rendered":"<p>VY\u00d6HYKETERAPEUTTINEN VAUVAHIERONTA Vy\u00f6hyketerapeuttisessa vauvahieronnassa yhdistyy lempe\u00e4 koko kehon hieronta sek\u00e4 vy\u00f6hyketerapia. Se on lempe\u00e4, tehokas ja kokonaisvaltainen hoito, jossa huomioidaan synnytyksen vaikutukset, vauvan anatomia ja fysiologinen kehitys eri vaiheineen sek\u00e4 varhaisen vuorovaikutuksen ja vauvan tunteiden merkitys ja oireiden taustalla olevat syyt. Oireiden taustasyiden selvitt\u00e4misen kautta oireita voidaan tehokkaasti hoitaa. Esimerkiksi synnytyksest\u00e4 voi vauvan kehoon voi [&hellip;]<\/p>\n","protected":false},"author":1,"featured_media":0,"parent":8,"menu_order":0,"comment_status":"closed","ping_status":"closed","template":"wirelax-template","meta":{"footnotes":""},"class_list":["post-79","page","type-page","status-publish","hentry"],"_links":{"self":[{"href":"https:\/\/wirelax.fi\/wordpress\/index.php?rest_route=\/wp\/v2\/pages\/79","targetHints":{"allow":["GET"]}}],"collection":[{"href":"https:\/\/wirelax.fi\/wordpress\/index.php?rest_route=\/wp\/v2\/pages"}],"about":[{"href":"https:\/\/wirelax.fi\/wordpress\/index.php?rest_route=\/wp\/v2\/types\/page"}],"author":[{"embeddable":true,"href":"https:\/\/wirelax.fi\/wordpress\/index.php?rest_route=\/wp\/v2\/users\/1"}],"replies":[{"embeddable":true,"href":"https:\/\/wirelax.fi\/wordpress\/index.php?rest_route=%2Fwp%2Fv2%2Fcomments&post=79"}],"version-history":[{"count":5,"href":"https:\/\/wirelax.fi\/wordpress\/index.php?rest_route=\/wp\/v2\/pages\/79\/revisions"}],"predecessor-version":[{"id":262,"href":"https:\/\/wirelax.fi\/wordpress\/index.php?rest_route=\/wp\/v2\/pages\/79\/revisions\/262"}],"up":[{"embeddable":true,"href":"https:\/\/wirelax.fi\/wordpress\/index.php?rest_route=\/wp\/v2\/pages\/8"}],"wp:attachment":[{"href":"https:\/\/wirelax.fi\/wordpress\/index.php?rest_route=%2Fwp%2Fv2%2Fmedia&parent=79"}],"curies":[{"name":"wp","href":"https:\/\/api.w.org\/{rel}","templated":true}]}}