{"id":3,"date":"2026-01-19T08:26:18","date_gmt":"2026-01-19T08:26:18","guid":{"rendered":"https:\/\/wirelax.fi\/wordpress\/?page_id=3"},"modified":"2026-01-19T14:55:42","modified_gmt":"2026-01-19T14:55:42","slug":"privacy-policy","status":"publish","type":"page","link":"https:\/\/wirelax.fi\/wordpress\/?page_id=3","title":{"rendered":"Rekisteriseloste"},"content":{"rendered":"\n<p><strong>1. Rekisterinpit\u00e4j\u00e4<br><\/strong>tmi. WiRelax<br>Y-tunnus: 2972244-5<br>Kotipaikka: Nurmij\u00e4rvi<br>Postiosoite: Toukolantie 19, 05200 Rajam\u00e4ki<\/p>\n\n\n\n<p><strong>2. Yhteyshenkil\u00f6 rekisteri\u00e4 koskevissa asioissa<\/strong><br>Nimi: Virve Lukkarinen<br>S\u00e4hk\u00f6posti: virve(at)<a href=\"http:\/\/wirelax.fi\">wirelax.fi<\/a><br>Puh. 045- 203 8480<\/p>\n\n\n\n<p><strong>3. Rekisterin nimi<br><\/strong>tmi Wirelax:n asiakasrekisteri<\/p>\n\n\n\n<p><strong>4. Henkil\u00f6tietojen k\u00e4sittelyn tarkoitus<\/strong><br>K\u00e4sittelemme henkil\u00f6tietoja asiakkuuteen tai muun asiallisen yhteyden suhteen hoitamiseen, analysointiin sek\u00e4 markkinointiin. Tietojen luovuttaminen yhteisty\u00f6kumppaneille tapahtuu vain k\u00e4ytt\u00f6tarkoituksiin, jotka tukevat rekisterin toiminta-ajatusta. Henkil\u00f6tietolain 8 \u00a7:n mukaiset yleiset edellytykset:<\/p>\n\n\n\n<p>Asiakassuhteen hoitaminen ja yll\u00e4pito<br>Asiakaskirjeet ja tiedotteet<br>Markkinointi omiin tarkoituksiin (asiakastietoja ei luovuteta ulkopuolisille)<\/p>\n\n\n\n<p><strong>5. Rekisterin tietosis\u00e4lt\u00f6<\/strong><br>Perustiedot:<br>Nimi<br>Henkil\u00f6tunnus<br>Syntym\u00e4aika<br>S\u00e4hk\u00f6postiosoite<br>Osoite<br>Puhelinnumero<br>Taustatiedot koskien terveydentilaa:<br>fyysinen kiputila asteikolla 0 \u2013 10<br>diagnosoidut sairaudet ja diagnoosien toteamisaika<\/p>\n\n\n\n<p>Selaimen ev\u00e4steiden kautta ker\u00e4tt\u00e4v\u00e4t tiedot:<br>T\u00e4ll\u00e4 sivustolla on k\u00e4yt\u00f6ss\u00e4 Google Adwords ja Google Analytics<\/p>\n\n\n\n<p><strong>6. Tietojen s\u00e4\u00e4nn\u00f6nmukaiset luovutukset<\/strong><br>Henkil\u00f6tietoja ei siirret\u00e4 EU:n tai ETA:n ulkopuolelle, ellei se ole palvelun teknisen toteuttamisen vuoksi tarpeellista.<\/p>\n\n\n\n<p><strong>7. Rekisterin suojauksen periaatteet<\/strong><br>Manuaalisesti yll\u00e4pidett\u00e4v\u00e4t aineistot sijaitsevat lukituissa tiloissa.<br>S\u00e4hk\u00f6isesti k\u00e4sitelt\u00e4v\u00e4t tiedot ovat yhteisty\u00f6kumppaneiden yll\u00e4pit\u00e4mi\u00e4:<\/p>\n\n\n\n<p>Nettiaika Oy, Y-tunnus 2033182-7<br>Google<\/p>\n\n\n\n<p><strong>8. Tietojen s\u00e4ilytysaika<\/strong><br>S\u00e4ilyt\u00e4mme henkil\u00f6tietoja niin kauan kuin henkil\u00f6tiedon k\u00e4ytt\u00f6tarkoituksen vuoksi on tarpeellista. L\u00e4ht\u00f6kohtaisesti s\u00e4ilyt\u00e4mme tietoja asiakassuhteen voimassaolon ajan ja sen j\u00e4lkeen kaksi (2) vuotta<\/p>\n","protected":false},"excerpt":{"rendered":"<p>1. Rekisterinpit\u00e4j\u00e4tmi. WiRelaxY-tunnus: 2972244-5Kotipaikka: Nurmij\u00e4rviPostiosoite: Toukolantie 19, 05200 Rajam\u00e4ki 2. Yhteyshenkil\u00f6 rekisteri\u00e4 koskevissa asioissaNimi: Virve LukkarinenS\u00e4hk\u00f6posti: virve(at)wirelax.fiPuh. 045- 203 8480 3. Rekisterin nimitmi Wirelax:n asiakasrekisteri 4. Henkil\u00f6tietojen k\u00e4sittelyn tarkoitusK\u00e4sittelemme henkil\u00f6tietoja asiakkuuteen tai muun asiallisen yhteyden suhteen hoitamiseen, analysointiin sek\u00e4 markkinointiin. Tietojen luovuttaminen yhteisty\u00f6kumppaneille tapahtuu vain k\u00e4ytt\u00f6tarkoituksiin, jotka tukevat rekisterin toiminta-ajatusta. Henkil\u00f6tietolain 8 \u00a7:n mukaiset yleiset [&hellip;]<\/p>\n","protected":false},"author":1,"featured_media":0,"parent":0,"menu_order":0,"comment_status":"closed","ping_status":"open","template":"","meta":{"footnotes":""},"class_list":["post-3","page","type-page","status-publish","hentry"],"_links":{"self":[{"href":"https:\/\/wirelax.fi\/wordpress\/index.php?rest_route=\/wp\/v2\/pages\/3","targetHints":{"allow":["GET"]}}],"collection":[{"href":"https:\/\/wirelax.fi\/wordpress\/index.php?rest_route=\/wp\/v2\/pages"}],"about":[{"href":"https:\/\/wirelax.fi\/wordpress\/index.php?rest_route=\/wp\/v2\/types\/page"}],"author":[{"embeddable":true,"href":"https:\/\/wirelax.fi\/wordpress\/index.php?rest_route=\/wp\/v2\/users\/1"}],"replies":[{"embeddable":true,"href":"https:\/\/wirelax.fi\/wordpress\/index.php?rest_route=%2Fwp%2Fv2%2Fcomments&post=3"}],"version-history":[{"count":2,"href":"https:\/\/wirelax.fi\/wordpress\/index.php?rest_route=\/wp\/v2\/pages\/3\/revisions"}],"predecessor-version":[{"id":87,"href":"https:\/\/wirelax.fi\/wordpress\/index.php?rest_route=\/wp\/v2\/pages\/3\/revisions\/87"}],"wp:attachment":[{"href":"https:\/\/wirelax.fi\/wordpress\/index.php?rest_route=%2Fwp%2Fv2%2Fmedia&parent=3"}],"curies":[{"name":"wp","href":"https:\/\/api.w.org\/{rel}","templated":true}]}}