{"id":26,"date":"2026-01-19T09:24:26","date_gmt":"2026-01-19T09:24:26","guid":{"rendered":"https:\/\/wirelax.fi\/wordpress\/?page_id=26"},"modified":"2026-02-01T20:40:10","modified_gmt":"2026-02-01T18:40:10","slug":"ajanvaraus","status":"publish","type":"page","link":"https:\/\/wirelax.fi\/wordpress\/?page_id=26","title":{"rendered":"Ajanvaraus"},"content":{"rendered":"\n<p><strong>Ajanvaraus:<\/strong> <a href=\"https:\/\/nettiaika.fi\/Wirelax\">https:\/\/nettiaika.fi\/Wirelax<\/a><\/p>\n\n\n\n<div class=\"wp-block-buttons is-content-justification-left is-layout-flex wp-container-core-buttons-is-layout-fc4fd283 wp-block-buttons-is-layout-flex\">\n<div class=\"wp-block-button\"><a class=\"wp-block-button__link has-text-align-center wp-element-button\" href=\"https:\/\/nettiaika.fi\/Wirelax\">VARAA HOITOAIKA T\u00c4ST\u00c4<\/a><\/div>\n<\/div>\n\n\n\n<p>WiRelax, Toukolantie 19, 05200 Rajam\u00e4ki<\/p>\n\n\n\n<p>Huomioithan, ett\u00e4 jos olet juuri saanut jonkun rokotteen, suosittelen pit\u00e4m\u00e4\u00e4n v\u00e4hint\u00e4\u00e4n viikon tauon hoidoista. N\u00e4in v\u00e4ltymme mahdollisilta ristikk\u00e4isvaikutuksilta hoidon ja rokotteen v\u00e4lill\u00e4.<\/p>\n\n\n\n<p>Jos et l\u00f6yd\u00e4 sopivaa aikaa nettiajanvarauksesta, ota yhteytt\u00e4 <br>p. 045- 203 8480 tai s.posti virve@wirelax.fi, niin etsit\u00e4\u00e4n yhdess\u00e4 sopiva aika.<\/p>\n\n\n\n<p>Hoitojen aikana en vastaa puheluihin, mutta soitan takaisin kun vapaudun.<\/p>\n\n\n\n<p><strong>Varausehdot:<\/strong><br>Mahdollisen esteen sattuessa voit peruuttaa ajan tai siirt\u00e4\u00e4 sen veloituksetta 24 tuntia ennen varatun hoitoajan alkua.<br>Muussa tapauksessa peruuttamattomasta ajasta laskutetaan hinnaston mukainen summa.<br>\u00c4killisess\u00e4 sairastapauksessa ota yhteytt\u00e4 puhelimitse.<\/p>\n\n\n\n<p><\/p>\n","protected":false},"excerpt":{"rendered":"<p>Ajanvaraus: https:\/\/nettiaika.fi\/Wirelax WiRelax, Toukolantie 19, 05200 Rajam\u00e4ki Huomioithan, ett\u00e4 jos olet juuri saanut jonkun rokotteen, suosittelen pit\u00e4m\u00e4\u00e4n v\u00e4hint\u00e4\u00e4n viikon tauon hoidoista. N\u00e4in v\u00e4ltymme mahdollisilta ristikk\u00e4isvaikutuksilta hoidon ja rokotteen v\u00e4lill\u00e4. Jos et l\u00f6yd\u00e4 sopivaa aikaa nettiajanvarauksesta, ota yhteytt\u00e4 p. 045- 203 8480 tai s.posti virve@wirelax.fi, niin etsit\u00e4\u00e4n yhdess\u00e4 sopiva aika. Hoitojen aikana en vastaa puheluihin, mutta [&hellip;]<\/p>\n","protected":false},"author":1,"featured_media":0,"parent":0,"menu_order":0,"comment_status":"closed","ping_status":"closed","template":"wirelax-template","meta":{"footnotes":""},"class_list":["post-26","page","type-page","status-publish","hentry"],"_links":{"self":[{"href":"https:\/\/wirelax.fi\/wordpress\/index.php?rest_route=\/wp\/v2\/pages\/26","targetHints":{"allow":["GET"]}}],"collection":[{"href":"https:\/\/wirelax.fi\/wordpress\/index.php?rest_route=\/wp\/v2\/pages"}],"about":[{"href":"https:\/\/wirelax.fi\/wordpress\/index.php?rest_route=\/wp\/v2\/types\/page"}],"author":[{"embeddable":true,"href":"https:\/\/wirelax.fi\/wordpress\/index.php?rest_route=\/wp\/v2\/users\/1"}],"replies":[{"embeddable":true,"href":"https:\/\/wirelax.fi\/wordpress\/index.php?rest_route=%2Fwp%2Fv2%2Fcomments&post=26"}],"version-history":[{"count":7,"href":"https:\/\/wirelax.fi\/wordpress\/index.php?rest_route=\/wp\/v2\/pages\/26\/revisions"}],"predecessor-version":[{"id":270,"href":"https:\/\/wirelax.fi\/wordpress\/index.php?rest_route=\/wp\/v2\/pages\/26\/revisions\/270"}],"wp:attachment":[{"href":"https:\/\/wirelax.fi\/wordpress\/index.php?rest_route=%2Fwp%2Fv2%2Fmedia&parent=26"}],"curies":[{"name":"wp","href":"https:\/\/api.w.org\/{rel}","templated":true}]}}