{"id":22,"date":"2026-01-19T09:23:28","date_gmt":"2026-01-19T09:23:28","guid":{"rendered":"https:\/\/wirelax.fi\/wordpress\/?page_id=22"},"modified":"2026-02-01T18:16:49","modified_gmt":"2026-02-01T16:16:49","slug":"virve","status":"publish","type":"page","link":"https:\/\/wirelax.fi\/wordpress\/?page_id=22","title":{"rendered":"Virve"},"content":{"rendered":"\n<figure class=\"wp-block-image size-large is-resized is-style-rounded wp-duotone-333-rgb253251251-1\"><img loading=\"lazy\" decoding=\"async\" width=\"1021\" height=\"1024\" src=\"https:\/\/wirelax.fi\/wordpress\/wp-content\/uploads\/2026\/01\/20230912_183321-01-1-1021x1024.jpeg\" alt=\"\" class=\"wp-image-172\" style=\"aspect-ratio:0.9970628778136413;width:551px;height:auto\" srcset=\"https:\/\/wirelax.fi\/wordpress\/wp-content\/uploads\/2026\/01\/20230912_183321-01-1-1021x1024.jpeg 1021w, https:\/\/wirelax.fi\/wordpress\/wp-content\/uploads\/2026\/01\/20230912_183321-01-1-300x300.jpeg 300w, https:\/\/wirelax.fi\/wordpress\/wp-content\/uploads\/2026\/01\/20230912_183321-01-1-150x150.jpeg 150w, https:\/\/wirelax.fi\/wordpress\/wp-content\/uploads\/2026\/01\/20230912_183321-01-1-768x771.jpeg 768w, https:\/\/wirelax.fi\/wordpress\/wp-content\/uploads\/2026\/01\/20230912_183321-01-1-1531x1536.jpeg 1531w, https:\/\/wirelax.fi\/wordpress\/wp-content\/uploads\/2026\/01\/20230912_183321-01-1.jpeg 1828w\" sizes=\"auto, (max-width: 1021px) 100vw, 1021px\" \/><\/figure>\n\n\n\n<p>Ihmisen terveyden edist\u00e4minen ja kokonaisvaltainen hyvinvointi on ollut aina l\u00e4hell\u00e4 syd\u00e4nt\u00e4ni. T\u00e4m\u00e4 vei minut hoitoty\u00f6n \u00e4\u00e4relle noin 18 vuotta sitten, kun vaihdoin kaupan alan ty\u00f6n sosiaali- ja terveysalaan. Ty\u00f6skentelin tuon aikaisemman urani p\u00e4\u00e4asiassa lasten ja nuorten parissa.<\/p>\n\n\n\n<p>Halu oppia ymm\u00e4rt\u00e4m\u00e4\u00e4n enemm\u00e4n ihmisen kehon, mielen ja tunteiden yhteisty\u00f6st\u00e4 sek\u00e4 niiden vaikutuksesta hyvinvointiimme ja terveyteemme johtivat minut opiskelemaan lis\u00e4\u00e4 . Aloitin tunnevy\u00f6hyketerapiaopinnoilla, ja suoritin hierojan ammattitutkinnon samalla. N\u00e4in Kehoterapia WiRelax sai alkunsa vuonna 2019. Matkani t\u00e4h\u00e4n asti on ollut t\u00e4ynn\u00e4 oivalluksia, ihania kohtaamisia ja kasvamista. Kasvaminen jatkuu, ja WiRelax el\u00e4\u00e4 ja kasvaa sen mukaisesti. <br>Nyt on menossa jo seitsem\u00e4s vuosi yritt\u00e4j\u00e4n\u00e4, kiitollinen mieli jokaisesta opettavaisesta vuodesta.<br><\/p>\n\n\n\n<p>Vapaa-aikanani rakastan liikkua luonnossa retkeillen ja lenkkeillen. Joogan ihmeelliseen maailmaan tutustun parhaillaan.<br><br>Koulutetuksi hierojaksi valmistuin Vantaalla 2019. Erikoisammattitutkinnon osalta olen perehtynyt kivun hoitoon eri menetelmin.<br>Keho- ja tunnevy\u00f6hyketerapeutiksi valmistuin kolmen vuoden opintojen j\u00e4lkeen Kairon Instituutista Helsingiss\u00e4 2021. Matkan varrella olen k\u00e4ynyt useita t\u00e4ydennyskoulutuksia, viimeisimp\u00e4n\u00e4 ammattilaisille suunnatut vy\u00f6hyketerapeuttiset vauvahierontakurssit 1-2, vauvan p\u00e4\u00e4n ja suun alueen kireydet sek\u00e4 vy\u00f6hyketerapeuttinen raskaushieronta ja raskausajan hoito tunnevy\u00f6hyketerapialla. Rakastan tehd\u00e4 t\u00e4t\u00e4 ty\u00f6t\u00e4, ja mit\u00e4 enemm\u00e4n oppii uutta, sit\u00e4 enemm\u00e4n haluaa oppia ja ymm\u00e4rt\u00e4\u00e4 lis\u00e4\u00e4. <\/p>\n\n\n\n<p><br>Aiempi ty\u00f6urani kulkee vahvasti mukanani edelleen, ja hoidan eritt\u00e4in mielell\u00e4ni my\u00f6s vauvoja, lapsia ja nuoria.<br>Teen ty\u00f6t\u00e4ni suurella syd\u00e4mell\u00e4 ja yksil\u00f6llisesti sinulle suunniteltuna. Ongelmien ennaltaehk\u00e4isy sek\u00e4 niiden synnyn perimm\u00e4inen syy ovat ty\u00f6skentelyni l\u00e4ht\u00f6kohtia.<\/p>\n\n\n\n<p>Haluan auttaa sinua voimaan paremmin.<\/p>\n\n\n\n<p>Tervetuloa!<\/p>\n\n\n\n<p>-Virve<\/p>\n","protected":false},"excerpt":{"rendered":"<p>Ihmisen terveyden edist\u00e4minen ja kokonaisvaltainen hyvinvointi on ollut aina l\u00e4hell\u00e4 syd\u00e4nt\u00e4ni. T\u00e4m\u00e4 vei minut hoitoty\u00f6n \u00e4\u00e4relle noin 18 vuotta sitten, kun vaihdoin kaupan alan ty\u00f6n sosiaali- ja terveysalaan. Ty\u00f6skentelin tuon aikaisemman urani p\u00e4\u00e4asiassa lasten ja nuorten parissa. Halu oppia ymm\u00e4rt\u00e4m\u00e4\u00e4n enemm\u00e4n ihmisen kehon, mielen ja tunteiden yhteisty\u00f6st\u00e4 sek\u00e4 niiden vaikutuksesta hyvinvointiimme ja terveyteemme johtivat minut [&hellip;]<\/p>\n","protected":false},"author":1,"featured_media":0,"parent":31,"menu_order":0,"comment_status":"closed","ping_status":"closed","template":"wirelax-template","meta":{"footnotes":""},"class_list":["post-22","page","type-page","status-publish","hentry"],"_links":{"self":[{"href":"https:\/\/wirelax.fi\/wordpress\/index.php?rest_route=\/wp\/v2\/pages\/22","targetHints":{"allow":["GET"]}}],"collection":[{"href":"https:\/\/wirelax.fi\/wordpress\/index.php?rest_route=\/wp\/v2\/pages"}],"about":[{"href":"https:\/\/wirelax.fi\/wordpress\/index.php?rest_route=\/wp\/v2\/types\/page"}],"author":[{"embeddable":true,"href":"https:\/\/wirelax.fi\/wordpress\/index.php?rest_route=\/wp\/v2\/users\/1"}],"replies":[{"embeddable":true,"href":"https:\/\/wirelax.fi\/wordpress\/index.php?rest_route=%2Fwp%2Fv2%2Fcomments&post=22"}],"version-history":[{"count":6,"href":"https:\/\/wirelax.fi\/wordpress\/index.php?rest_route=\/wp\/v2\/pages\/22\/revisions"}],"predecessor-version":[{"id":248,"href":"https:\/\/wirelax.fi\/wordpress\/index.php?rest_route=\/wp\/v2\/pages\/22\/revisions\/248"}],"up":[{"embeddable":true,"href":"https:\/\/wirelax.fi\/wordpress\/index.php?rest_route=\/wp\/v2\/pages\/31"}],"wp:attachment":[{"href":"https:\/\/wirelax.fi\/wordpress\/index.php?rest_route=%2Fwp%2Fv2%2Fmedia&parent=22"}],"curies":[{"name":"wp","href":"https:\/\/api.w.org\/{rel}","templated":true}]}}