{"id":16,"date":"2026-01-19T09:19:13","date_gmt":"2026-01-19T09:19:13","guid":{"rendered":"https:\/\/wirelax.fi\/wordpress\/?page_id=16"},"modified":"2026-02-01T20:21:04","modified_gmt":"2026-02-01T18:21:04","slug":"raskausajan-hoidot","status":"publish","type":"page","link":"https:\/\/wirelax.fi\/wordpress\/?page_id=16","title":{"rendered":"Raskausajan hoidot"},"content":{"rendered":"\n<figure class=\"wp-block-image size-full\"><img loading=\"lazy\" decoding=\"async\" width=\"683\" height=\"1024\" src=\"https:\/\/wirelax.fi\/wordpress\/wp-content\/uploads\/2026\/01\/187927274_325098838963973_3797983393398662391_n-683x1024-1.jpg\" alt=\"\" class=\"wp-image-62\" style=\"aspect-ratio:0.6666666666666666;object-fit:contain\" srcset=\"https:\/\/wirelax.fi\/wordpress\/wp-content\/uploads\/2026\/01\/187927274_325098838963973_3797983393398662391_n-683x1024-1.jpg 683w, https:\/\/wirelax.fi\/wordpress\/wp-content\/uploads\/2026\/01\/187927274_325098838963973_3797983393398662391_n-683x1024-1-200x300.jpg 200w\" sizes=\"auto, (max-width: 683px) 100vw, 683px\" \/><\/figure>\n\n\n\n<p><strong>VY\u00d6HYKETERAPEUTTINEN RASKAUSHIERONTA<\/strong><\/p>\n\n\n\n<p>Vy\u00f6hyketerapeuttinen raskaushieronta on turvallinen ja syv\u00e4rentouttava hoito odottavalle sek\u00e4 synnytt\u00e4neelle \u00e4idille. Se on tehokas erikoishoito erilaisiin raskausajan ongelmiin ja kipuihin. Hoitoa voidaan tehd\u00e4 koko raskausajan ja se palauttaa kehoa tehokkaasti my\u00f6s synnytyksen j\u00e4lkeen.<\/p>\n\n\n\n<p>Odotusaika ja synnytys muuttavat naisen kehoa ja hormonit, kasvava vatsa ja ajatukset \u00e4itiydest\u00e4 sek\u00e4 synnytyksest\u00e4 voivat ilon ja onnen lis\u00e4ksi askarruttaa tai pelottaa. Vy\u00f6hyketerapialla voidaan hell\u00e4sti tukea \u00e4idin kehoa ja mielt\u00e4 sopeutumaan odotusaikaan ja raskauspahoinvointiin sek\u00e4 auttaa synnytykseen valmistautumisessa.<\/p>\n\n\n\n<p>Hoidossa koko kehoa hoidetaan lempeill\u00e4 hierontaotteilla, sek\u00e4 vy\u00f6hyketerapeuttisia hoitopisteit\u00e4 k\u00e4sitellen. Hoito tehd\u00e4\u00e4n yleens\u00e4 kylkiasennossa tai alkuraskaudessa selinmakuulla tai puoli-istuvassa asennossa.<\/p>\n\n\n\n<p>Hoidon vaikutuksia:<br>\u2013 Helpottaa kehon j\u00e4nnitystiloja ja kipuja, (liitoskivut, lihaskivut, j\u00e4nnitteet)<br>\u2013 Parantaa aineenvaihduntaa ja v\u00e4hent\u00e4\u00e4 turvotusta<br>\u2013 V\u00e4hent\u00e4\u00e4 stressi\u00e4 ja auttaa rentoutumaan<br>\u2013 Helpottaa ja tasapainottaa erilaisia raskauden tuomia muutoksia kehossa<br>\u2013 Loppuraskaudessa valmistaa kehoa synnytykseen.<br><strong><br>Synnytyksen valmistavaa, k\u00e4ynnistymist\u00e4 stimuloivaa hoitoa<\/strong>&nbsp;voidaan tehd\u00e4 39+0 raskausviikosta alkaen. T\u00e4m\u00e4n hoidon voit valita joko rentoutus ja stimulaatio yhdistelm\u00e4n\u00e4 75 min. jolloin hoidossa yhdistyy koko kehon rentouttava hieronta sek\u00e4 synnytyksen k\u00e4ynnistymist\u00e4 stimuloivien vy\u00f6hykepisteiden k\u00e4sittely.<br>Lyhyemm\u00e4ss\u00e4, 60 min. hoidossa hoidetaan niska, korvat, k\u00e4mmenet ja jalkater\u00e4t, sek\u00e4 keskityt\u00e4\u00e4n synnytyksen k\u00e4ynnistymist\u00e4 edist\u00e4vien ja synnytykseen valmistavien pisteiden k\u00e4sittelyyn.<br>Synnytyksen j\u00e4lkeen hoito auttaa kehoa palautumaan raskauden ja synnytyksen j\u00e4ljilt\u00e4, rentouttaa ja lievitt\u00e4\u00e4 kipuja.<br>Kaikki hoidot suunnitellaan ja toteutetaan aina tilanteesi ja tarpeidesi mukaan, yksil\u00f6llisesti, lempe\u00e4sti ja tehokkaasti.<\/p>\n\n\n\n<figure class=\"wp-block-image size-full is-style-default\"><img loading=\"lazy\" decoding=\"async\" width=\"940\" height=\"788\" src=\"https:\/\/wirelax.fi\/wordpress\/wp-content\/uploads\/2026\/01\/Raskaus.png\" alt=\"\" class=\"wp-image-188\" srcset=\"https:\/\/wirelax.fi\/wordpress\/wp-content\/uploads\/2026\/01\/Raskaus.png 940w, https:\/\/wirelax.fi\/wordpress\/wp-content\/uploads\/2026\/01\/Raskaus-300x251.png 300w, https:\/\/wirelax.fi\/wordpress\/wp-content\/uploads\/2026\/01\/Raskaus-768x644.png 768w\" sizes=\"auto, (max-width: 940px) 100vw, 940px\" \/><\/figure>\n","protected":false},"excerpt":{"rendered":"<p>VY\u00d6HYKETERAPEUTTINEN RASKAUSHIERONTA Vy\u00f6hyketerapeuttinen raskaushieronta on turvallinen ja syv\u00e4rentouttava hoito odottavalle sek\u00e4 synnytt\u00e4neelle \u00e4idille. Se on tehokas erikoishoito erilaisiin raskausajan ongelmiin ja kipuihin. Hoitoa voidaan tehd\u00e4 koko raskausajan ja se palauttaa kehoa tehokkaasti my\u00f6s synnytyksen j\u00e4lkeen. Odotusaika ja synnytys muuttavat naisen kehoa ja hormonit, kasvava vatsa ja ajatukset \u00e4itiydest\u00e4 sek\u00e4 synnytyksest\u00e4 voivat ilon ja onnen lis\u00e4ksi [&hellip;]<\/p>\n","protected":false},"author":1,"featured_media":0,"parent":8,"menu_order":0,"comment_status":"closed","ping_status":"closed","template":"wirelax-template","meta":{"footnotes":""},"class_list":["post-16","page","type-page","status-publish","hentry"],"_links":{"self":[{"href":"https:\/\/wirelax.fi\/wordpress\/index.php?rest_route=\/wp\/v2\/pages\/16","targetHints":{"allow":["GET"]}}],"collection":[{"href":"https:\/\/wirelax.fi\/wordpress\/index.php?rest_route=\/wp\/v2\/pages"}],"about":[{"href":"https:\/\/wirelax.fi\/wordpress\/index.php?rest_route=\/wp\/v2\/types\/page"}],"author":[{"embeddable":true,"href":"https:\/\/wirelax.fi\/wordpress\/index.php?rest_route=\/wp\/v2\/users\/1"}],"replies":[{"embeddable":true,"href":"https:\/\/wirelax.fi\/wordpress\/index.php?rest_route=%2Fwp%2Fv2%2Fcomments&post=16"}],"version-history":[{"count":6,"href":"https:\/\/wirelax.fi\/wordpress\/index.php?rest_route=\/wp\/v2\/pages\/16\/revisions"}],"predecessor-version":[{"id":263,"href":"https:\/\/wirelax.fi\/wordpress\/index.php?rest_route=\/wp\/v2\/pages\/16\/revisions\/263"}],"up":[{"embeddable":true,"href":"https:\/\/wirelax.fi\/wordpress\/index.php?rest_route=\/wp\/v2\/pages\/8"}],"wp:attachment":[{"href":"https:\/\/wirelax.fi\/wordpress\/index.php?rest_route=%2Fwp%2Fv2%2Fmedia&parent=16"}],"curies":[{"name":"wp","href":"https:\/\/api.w.org\/{rel}","templated":true}]}}