{"id":14,"date":"2026-01-19T09:18:28","date_gmt":"2026-01-19T09:18:28","guid":{"rendered":"https:\/\/wirelax.fi\/wordpress\/?page_id=14"},"modified":"2026-02-01T17:47:22","modified_gmt":"2026-02-01T15:47:22","slug":"vyohyketerapia","status":"publish","type":"page","link":"https:\/\/wirelax.fi\/wordpress\/?page_id=14","title":{"rendered":"Vy\u00f6hyketerapia"},"content":{"rendered":"\n<p><strong>KOKO KEHON VY\u00d6HYKETERAPIA<\/strong><\/p>\n\n\n\n<figure class=\"wp-block-image size-full\"><img loading=\"lazy\" decoding=\"async\" width=\"768\" height=\"510\" src=\"https:\/\/wirelax.fi\/wordpress\/wp-content\/uploads\/2026\/01\/treatment-1327811_960_720-768x510-1.jpg\" alt=\"\" class=\"wp-image-75\" srcset=\"https:\/\/wirelax.fi\/wordpress\/wp-content\/uploads\/2026\/01\/treatment-1327811_960_720-768x510-1.jpg 768w, https:\/\/wirelax.fi\/wordpress\/wp-content\/uploads\/2026\/01\/treatment-1327811_960_720-768x510-1-300x199.jpg 300w\" sizes=\"auto, (max-width: 768px) 100vw, 768px\" \/><\/figure>\n\n\n\n<p>Keholla on pyrkimys tasapainoon. Vy\u00f6hyketerapialla aktivoidaan kehon omia paranemisprosesseja hoitamalla koko kehoa tai sen osia avaavalla vy\u00f6hykeratahieronnalla sek\u00e4 kehon elinheijasteita k\u00e4sittelem\u00e4ll\u00e4.<\/p>\n\n\n\n<p>Hoito vahvistaa kehoa ja auttaa sit\u00e4 parantamaan itse itsens\u00e4. Hoidon voimakkuus totetutetaan aina asiakkaan tuntemuksia kuunnellen, kivuttomasti.<\/p>\n\n\n\n<p>Vy\u00f6hyketerapia sopii kaikenik\u00e4isille. Se vahvistaa immuniteettia ja yll\u00e4pit\u00e4\u00e4 terveytt\u00e4 sek\u00e4 lievitt\u00e4\u00e4 monia kehon kiputiloja. Hoidosta voi tulla nauttimaan, vaikkei erityisi\u00e4 vaivoja olisikaan.<\/p>\n\n\n\n<p>Vy\u00f6hyketerapiaa suositellaan ennaltaehk\u00e4isev\u00e4n\u00e4 hoitona sek\u00e4 t\u00e4ydent\u00e4v\u00e4n\u00e4 hoitomuotona akuutteihin sek\u00e4 pitk\u00e4aikaisiin vaivoihin.<\/p>\n\n\n\n<p>Vy\u00f6hyketerapiasta voit saada helpotusta moniin akuutteihin ja kroonisiin h\u00e4iri\u00f6tiloihin, kuten esimerkiksi:<\/p>\n\n\n\n<ul class=\"wp-block-list\">\n<li>s\u00e4ryt ja kiputilat, kuten migreeni<\/li>\n\n\n\n<li>lihaskireydet,niska- hartiaseudun j\u00e4nnitykset<\/li>\n\n\n\n<li>stressi, rauhattomuus<\/li>\n\n\n\n<li>v\u00e4symys, uniongelmat<\/li>\n\n\n\n<li>vatsa- ja suolistovaivat<\/li>\n\n\n\n<li>hormonaaliset vaivat<\/li>\n\n\n\n<li>allergiat, ihottumat<\/li>\n\n\n\n<li>tulehduskierteet<\/li>\n\n\n\n<li>j\u00e4nnitys- ja pelkotilat, ahdistus<\/li>\n<\/ul>\n\n\n\n<p><strong>Palveluiden kuvaus<\/strong><\/p>\n\n\n\n<p>Ensimm\u00e4isell\u00e4 k\u00e4ynnill\u00e4 tehd\u00e4\u00e4n aina tilanteesi kartoitus ja haastattelu hoidon suunnittelun ja tarpeen arvoimiseksi.<\/p>\n\n\n\n<p><strong>Koko kehon vy\u00f6hyketerapia 45 -75 min.<\/strong><br>Sis\u00e4lt\u00e4\u00e4 niskan, kallonpohjan ja p\u00e4\u00e4n alueen hieronnan, sek\u00e4 k\u00e4sien ja jalkaterien k\u00e4sittelyn yksil\u00f6llisten tarpeiden mukaan. Tasapainottaa koko kehoa ja mielt\u00e4. <br>Lapsille ja nuorille on sopiva aika yleens\u00e4 45-60 min.<\/p>\n\n\n\n<p><strong>Koko kehon vy\u00f6hyketerapia 90 min.<\/strong><br>Hoito sis\u00e4lt\u00e4\u00e4 yksil\u00f6llisen haastattelun ja analyysin. Hoito toteutetaan asiakkaan tarpeiden mukaan hieromalla vy\u00f6hykeratoja, k\u00e4sittelem\u00e4ll\u00e4 vy\u00f6hykepisteit\u00e4 sek\u00e4 avaamalla kehon lukkotasoja.<\/p>\n\n\n\n<figure class=\"wp-block-image size-full\"><img loading=\"lazy\" decoding=\"async\" width=\"1024\" height=\"819\" src=\"https:\/\/wirelax.fi\/wordpress\/wp-content\/uploads\/2026\/01\/vaaka-2_2000x1600-1024x819-1.jpg\" alt=\"\" class=\"wp-image-74\" srcset=\"https:\/\/wirelax.fi\/wordpress\/wp-content\/uploads\/2026\/01\/vaaka-2_2000x1600-1024x819-1.jpg 1024w, https:\/\/wirelax.fi\/wordpress\/wp-content\/uploads\/2026\/01\/vaaka-2_2000x1600-1024x819-1-300x240.jpg 300w, https:\/\/wirelax.fi\/wordpress\/wp-content\/uploads\/2026\/01\/vaaka-2_2000x1600-1024x819-1-768x614.jpg 768w\" sizes=\"auto, (max-width: 1024px) 100vw, 1024px\" \/><\/figure>\n\n\n\n<p><\/p>\n\n\n\n<p><\/p>\n\n\n\n<p>Uutuutena saatavilla nyt lyhyet mutta tehokaat vy\u00f6hyketerapia t\u00e4sm\u00e4hoidot.<br>Jalkojen vy\u00f6hyketerapiassa k\u00e4sitell\u00e4\u00e4n jalkapohjat, jalkater\u00e4t, nilkat ja s\u00e4\u00e4ret. Jalkapohjasta k\u00e4yd\u00e4\u00e4n l\u00e4pi koko kehon heijastepisteet hieroen ja painellen. Hoito tasapainottaa ja rentouttaa koko kehoa. Hyv\u00e4 apu esim. alasel\u00e4n, lantion alueen sek\u00e4 suoliston ongelmiin.<\/p>\n\n\n\n<p>Niskan ja p\u00e4\u00e4n hoidossa k\u00e4yd\u00e4\u00e4n l\u00e4pi niska, p\u00e4\u00e4, kaula, korvien heijastepisteet sek\u00e4 sormet vy\u00f6hykeratahieronnalla sek\u00e4 pistepainannalla. Tehokas apu esim. niskakipuun, p\u00e4\u00e4ns\u00e4rkyyn ja stressin lievitykseen.<\/p>\n\n\n\n<figure class=\"wp-block-image size-large\"><img loading=\"lazy\" decoding=\"async\" width=\"1024\" height=\"1024\" src=\"https:\/\/wirelax.fi\/wordpress\/wp-content\/uploads\/2026\/02\/VT.30min3png-1024x1024.png\" alt=\"\" class=\"wp-image-236\" srcset=\"https:\/\/wirelax.fi\/wordpress\/wp-content\/uploads\/2026\/02\/VT.30min3png-1024x1024.png 1024w, https:\/\/wirelax.fi\/wordpress\/wp-content\/uploads\/2026\/02\/VT.30min3png-300x300.png 300w, https:\/\/wirelax.fi\/wordpress\/wp-content\/uploads\/2026\/02\/VT.30min3png-150x150.png 150w, https:\/\/wirelax.fi\/wordpress\/wp-content\/uploads\/2026\/02\/VT.30min3png-768x768.png 768w, https:\/\/wirelax.fi\/wordpress\/wp-content\/uploads\/2026\/02\/VT.30min3png.png 1080w\" sizes=\"auto, (max-width: 1024px) 100vw, 1024px\" \/><\/figure>\n\n\n\n<p><\/p>\n","protected":false},"excerpt":{"rendered":"<p>KOKO KEHON VY\u00d6HYKETERAPIA Keholla on pyrkimys tasapainoon. Vy\u00f6hyketerapialla aktivoidaan kehon omia paranemisprosesseja hoitamalla koko kehoa tai sen osia avaavalla vy\u00f6hykeratahieronnalla sek\u00e4 kehon elinheijasteita k\u00e4sittelem\u00e4ll\u00e4. Hoito vahvistaa kehoa ja auttaa sit\u00e4 parantamaan itse itsens\u00e4. Hoidon voimakkuus totetutetaan aina asiakkaan tuntemuksia kuunnellen, kivuttomasti. Vy\u00f6hyketerapia sopii kaikenik\u00e4isille. Se vahvistaa immuniteettia ja yll\u00e4pit\u00e4\u00e4 terveytt\u00e4 sek\u00e4 lievitt\u00e4\u00e4 monia kehon kiputiloja. [&hellip;]<\/p>\n","protected":false},"author":1,"featured_media":0,"parent":8,"menu_order":0,"comment_status":"closed","ping_status":"closed","template":"wirelax-template","meta":{"footnotes":""},"class_list":["post-14","page","type-page","status-publish","hentry"],"_links":{"self":[{"href":"https:\/\/wirelax.fi\/wordpress\/index.php?rest_route=\/wp\/v2\/pages\/14","targetHints":{"allow":["GET"]}}],"collection":[{"href":"https:\/\/wirelax.fi\/wordpress\/index.php?rest_route=\/wp\/v2\/pages"}],"about":[{"href":"https:\/\/wirelax.fi\/wordpress\/index.php?rest_route=\/wp\/v2\/types\/page"}],"author":[{"embeddable":true,"href":"https:\/\/wirelax.fi\/wordpress\/index.php?rest_route=\/wp\/v2\/users\/1"}],"replies":[{"embeddable":true,"href":"https:\/\/wirelax.fi\/wordpress\/index.php?rest_route=%2Fwp%2Fv2%2Fcomments&post=14"}],"version-history":[{"count":14,"href":"https:\/\/wirelax.fi\/wordpress\/index.php?rest_route=\/wp\/v2\/pages\/14\/revisions"}],"predecessor-version":[{"id":239,"href":"https:\/\/wirelax.fi\/wordpress\/index.php?rest_route=\/wp\/v2\/pages\/14\/revisions\/239"}],"up":[{"embeddable":true,"href":"https:\/\/wirelax.fi\/wordpress\/index.php?rest_route=\/wp\/v2\/pages\/8"}],"wp:attachment":[{"href":"https:\/\/wirelax.fi\/wordpress\/index.php?rest_route=%2Fwp%2Fv2%2Fmedia&parent=14"}],"curies":[{"name":"wp","href":"https:\/\/api.w.org\/{rel}","templated":true}]}}