{"id":10,"date":"2026-01-19T09:16:57","date_gmt":"2026-01-19T09:16:57","guid":{"rendered":"https:\/\/wirelax.fi\/wordpress\/?page_id=10"},"modified":"2026-02-01T21:22:49","modified_gmt":"2026-02-01T19:22:49","slug":"hinnasto","status":"publish","type":"page","link":"https:\/\/wirelax.fi\/wordpress\/?page_id=10","title":{"rendered":"Hinnasto"},"content":{"rendered":"\n<p>HINNASTO 1.1.2026<\/p>\n\n\n\n<p><strong>Tunnevy\u00f6hyketerapia <\/strong><br>90 min. 85 \u20ac<br>120 min. 98 \u20ac<\/p>\n\n\n\n<p><strong>Vy\u00f6hyketerapia<\/strong><br>30 min. 40 \u20ac<br>45 min. 55 \u20ac<br>60 min. 65 \u20ac<br>75 min. 75 \u20ac<br>90 min. 85 \u20ac<\/p>\n\n\n\n<p><strong>Raskausajan hoidot<\/strong><br>Vy\u00f6hyketerapeuttinen raskaushieronta 75 min 75 \u20ac<br>(raskausaika ja sen j\u00e4lkeen)<br>Synnytykseen valmistava stimuloiva hoito 60 min. 65 \u20ac<br>Synnytykseen valmistava stimuloiva hoito ja rentoutus 75 min. 75 \u20ac<br>Raskausajan koko kehon vy\u00f6hyketerapia 90 min. 85 \u20ac<br>\u00c4iti vauva yhdistelm\u00e4hoito 90 min. 95 \u20ac<\/p>\n\n\n\n<p><strong>Vauvat ja lapset<\/strong><br>Vy\u00f6hyketerapeuttinen vauvahieronta 45 min. 50 \u20ac<br>Vy\u00f6hyketerapeuttinen hieronta lapsi 3-10 v. 50 \u20ac<\/p>\n\n\n\n<p><strong>Hieronta<\/strong><br>StressAway p\u00e4\u00e4hieronta 40 min. 48 \u20ac<br>J\u00e4nnitysniskan hieronta45 min. 50 \u20ac<\/p>\n\n\n\n<p><strong>Rentoutushieronnat<\/strong><br>30 min. 38\u20ac<br>45 min. 50 \u20ac<br>60 min. 60 \u20ac<br>75 min. 70 \u20ac<br>90 min. 80 \u20ac<\/p>\n\n\n\n<p>El\u00e4kel\u00e4iset, ty\u00f6tt\u00f6m\u00e4t ja opiskelijat -10% alennus arkisin klo 10-14.<\/p>\n\n\n\n<p>Sarjakortit 3-5 x -10%, voimassa 6kk.<br><br>Huom! Sarjakortti alennus EI koske Smartum, ePassi, Edenred maksutapoja.<\/p>\n\n\n\n<p><strong>Kotik\u00e4ynnit<\/strong>&nbsp;+20 \u20ac\/k\u00e4ynti Nurmij\u00e4rven ja Hyvink\u00e4\u00e4n alueilla.<\/p>\n\n\n\n<p>Koti- ja yritysk\u00e4ynnit sovitaan erikseen. Jos haluat tilata koti- tai yritysk\u00e4ynnin, yhteydenotot s\u00e4hk\u00f6postitse virve@wirelax.fi, tai puh. 045- 203 8480.<br>HUOM!Kotik\u00e4ynnit t\u00e4ll\u00e4 hetkell\u00e4 vain vauvoille ja ik\u00e4\u00e4ntyneille, ei matkahierontap\u00f6yt\u00e4\u00e4 k\u00e4yt\u00f6ss\u00e4.<\/p>\n\n\n\n<p>Maksutapoina k\u00e4y yleisimm\u00e4t pankki- ja luottokortit, k\u00e4teinen, tilisiirto sek\u00e4 ePassin hyvinvointipassi (hieronta), Edenred hieronta ja Smartumin hierontaetu. Huomoithan, ett\u00e4 n\u00e4m\u00e4 edut k\u00e4yv\u00e4t vain hierontaan, eiv\u00e4t vy\u00f6hyketerapiaan.<\/p>\n\n\n\n<div class=\"wp-block-group has-global-padding is-layout-constrained wp-block-group-is-layout-constrained\">\n<figure class=\"wp-block-gallery has-nested-images columns-default is-cropped wp-block-gallery-3 is-layout-flex wp-block-gallery-is-layout-flex\">\n<figure class=\"wp-block-image size-large is-resized has-custom-border wp-duotone-f8f7f5-a38980-1\"><img loading=\"lazy\" decoding=\"async\" width=\"300\" height=\"175\" data-id=\"59\" src=\"https:\/\/wirelax.fi\/wordpress\/wp-content\/uploads\/2026\/01\/epassi-hyvinvointi-1-300x175-1.png\" alt=\"\" class=\"wp-image-59\" style=\"border-top-left-radius:11px;border-top-right-radius:11px;border-bottom-left-radius:11px;border-bottom-right-radius:11px;width:348px;height:auto\"\/><\/figure>\n\n\n\n<figure class=\"wp-block-image size-large has-custom-border is-style-default wp-duotone-a38980-f1eee9-2\" style=\"margin-top:0;margin-right:0;margin-bottom:0;margin-left:0\"><img loading=\"lazy\" decoding=\"async\" width=\"300\" height=\"193\" data-id=\"60\" src=\"https:\/\/wirelax.fi\/wordpress\/wp-content\/uploads\/2026\/01\/kuva-300x193-1.png\" alt=\"\" class=\"wp-image-60\" style=\"border-top-left-radius:11px;border-top-right-radius:11px;border-bottom-left-radius:11px;border-bottom-right-radius:11px\"\/><\/figure>\n<\/figure>\n<\/div>\n\n\n\n<p><\/p>\n","protected":false},"excerpt":{"rendered":"<p>HINNASTO 1.1.2026 Tunnevy\u00f6hyketerapia 90 min. 85 \u20ac120 min. 98 \u20ac Vy\u00f6hyketerapia30 min. 40 \u20ac45 min. 55 \u20ac60 min. 65 \u20ac75 min. 75 \u20ac90 min. 85 \u20ac Raskausajan hoidotVy\u00f6hyketerapeuttinen raskaushieronta 75 min 75 \u20ac(raskausaika ja sen j\u00e4lkeen)Synnytykseen valmistava stimuloiva hoito 60 min. 65 \u20acSynnytykseen valmistava stimuloiva hoito ja rentoutus 75 min. 75 \u20acRaskausajan koko kehon vy\u00f6hyketerapia [&hellip;]<\/p>\n","protected":false},"author":1,"featured_media":0,"parent":0,"menu_order":0,"comment_status":"closed","ping_status":"closed","template":"wirelax-template","meta":{"footnotes":""},"class_list":["post-10","page","type-page","status-publish","hentry"],"_links":{"self":[{"href":"https:\/\/wirelax.fi\/wordpress\/index.php?rest_route=\/wp\/v2\/pages\/10","targetHints":{"allow":["GET"]}}],"collection":[{"href":"https:\/\/wirelax.fi\/wordpress\/index.php?rest_route=\/wp\/v2\/pages"}],"about":[{"href":"https:\/\/wirelax.fi\/wordpress\/index.php?rest_route=\/wp\/v2\/types\/page"}],"author":[{"embeddable":true,"href":"https:\/\/wirelax.fi\/wordpress\/index.php?rest_route=\/wp\/v2\/users\/1"}],"replies":[{"embeddable":true,"href":"https:\/\/wirelax.fi\/wordpress\/index.php?rest_route=%2Fwp%2Fv2%2Fcomments&post=10"}],"version-history":[{"count":8,"href":"https:\/\/wirelax.fi\/wordpress\/index.php?rest_route=\/wp\/v2\/pages\/10\/revisions"}],"predecessor-version":[{"id":285,"href":"https:\/\/wirelax.fi\/wordpress\/index.php?rest_route=\/wp\/v2\/pages\/10\/revisions\/285"}],"wp:attachment":[{"href":"https:\/\/wirelax.fi\/wordpress\/index.php?rest_route=%2Fwp%2Fv2%2Fmedia&parent=10"}],"curies":[{"name":"wp","href":"https:\/\/api.w.org\/{rel}","templated":true}]}}